{"id":1934,"date":"2020-11-17T16:35:46","date_gmt":"2020-11-17T16:35:46","guid":{"rendered":"http:\/\/psingenieria.com.mx\/?page_id=1934"},"modified":"2020-11-20T04:04:43","modified_gmt":"2020-11-20T04:04:43","slug":"control-de-calidad","status":"publish","type":"page","link":"http:\/\/psingenieria.com.mx\/?page_id=1934","title":{"rendered":"Control de Calidad"},"content":{"rendered":"\t\t<div data-elementor-type=\"wp-page\" data-elementor-id=\"1934\" class=\"elementor elementor-1934\" data-elementor-settings=\"[]\">\n\t\t\t\t\t\t<div class=\"elementor-inner\">\n\t\t\t\t\t\t\t<div class=\"elementor-section-wrap\">\n\t\t\t\t\t\t\t<section class=\"elementor-section elementor-top-section elementor-element elementor-element-80350d2 elementor-section-boxed elementor-section-height-default elementor-section-height-default\" data-id=\"80350d2\" data-element_type=\"section\">\n\t\t\t\t\t\t<div class=\"elementor-container elementor-column-gap-default\">\n\t\t\t\t\t\t\t<div class=\"elementor-row\">\n\t\t\t\t\t<div class=\"elementor-column elementor-col-100 elementor-top-column elementor-element elementor-element-790f292\" data-id=\"790f292\" data-element_type=\"column\">\n\t\t\t<div class=\"elementor-column-wrap elementor-element-populated\">\n\t\t\t\t\t\t\t<div class=\"elementor-widget-wrap\">\n\t\t\t\t\t\t<div class=\"elementor-element elementor-element-8047e68 elementor-widget elementor-widget-heading\" data-id=\"8047e68\" data-element_type=\"widget\" data-widget_type=\"heading.default\">\n\t\t\t\t<div class=\"elementor-widget-container\">\n\t\t\t<h2 class=\"elementor-heading-title elementor-size-default\">Asesoramiento y Capacitaci\u00f3n<\/h2>\t\t<\/div>\n\t\t\t\t<\/div>\n\t\t\t\t\t\t<\/div>\n\t\t\t\t\t<\/div>\n\t\t<\/div>\n\t\t\t\t\t\t\t\t<\/div>\n\t\t\t\t\t<\/div>\n\t\t<\/section>\n\t\t\t\t<section class=\"elementor-section elementor-top-section elementor-element elementor-element-845fa0f elementor-section-boxed elementor-section-height-default elementor-section-height-default\" data-id=\"845fa0f\" data-element_type=\"section\">\n\t\t\t\t\t\t<div class=\"elementor-container elementor-column-gap-default\">\n\t\t\t\t\t\t\t<div class=\"elementor-row\">\n\t\t\t\t\t<div class=\"elementor-column elementor-col-66 elementor-top-column elementor-element elementor-element-1acbcef\" data-id=\"1acbcef\" data-element_type=\"column\">\n\t\t\t<div class=\"elementor-column-wrap elementor-element-populated\">\n\t\t\t\t\t\t\t<div class=\"elementor-widget-wrap\">\n\t\t\t\t\t\t<div class=\"elementor-element elementor-element-81816a0 elementor-widget elementor-widget-text-editor\" data-id=\"81816a0\" data-element_type=\"widget\" data-widget_type=\"text-editor.default\">\n\t\t\t\t<div class=\"elementor-widget-container\">\n\t\t\t\t\t<div class=\"elementor-text-editor elementor-clearfix\"><p>La tecnolog\u00eda, los m\u00e9todos de prueba, y la legislaci\u00f3n aplicable para el \u00e1rea de la construcci\u00f3n se encuentra en constante avance, es por ello que se vuelve necesario mantenerse actualizado en estos temas.<\/p>\n<p>Para ello hemos desarrollado con nuestros clientes actividades de capacitaci\u00f3n, tales como cursos, seminarios, sesiones de asesoramiento, demostraciones en campo, etc. enfocadas a cubrir las necesidades t\u00e9cnicas de su personal.<\/p>\n<p>Dentro de estas actividades que hemos realizado podemos listar a manera de ejemplo las siguientes: <br><\/p><\/div>\n\t\t\t\t<\/div>\n\t\t\t\t<\/div>\n\t\t\t\t<div class=\"elementor-element elementor-element-99f0cc2 elementor-widget elementor-widget-text-editor\" data-id=\"99f0cc2\" data-element_type=\"widget\" data-widget_type=\"text-editor.default\">\n\t\t\t\t<div class=\"elementor-widget-container\">\n\t\t\t\t\t<div class=\"elementor-text-editor elementor-clearfix\"><p>Asociaciones de Directores Responsables de Obras.<\/p><ul><li>Curso de Control de Calidad de Materiales.<\/li><\/ul><p>Asociaciones de Laboratorios.<\/p><ul><li>Seminario de Inspecci\u00f3n Mediante Ultrasonido en Elementos de Concreto.<\/li><\/ul><p>Institutos Tecnol\u00f3gicos de Educaci\u00f3n Superior.<\/p><ul><li>Seminario de Pruebas No Destructivas Aplicadas Al Diagn\u00f3stico de Estructuras.<\/li><\/ul><p>Constructoras.<\/p><ul><li>Curso de Control de Calidad en Estructuras Met\u00e1licas.<\/li><li>Curso de Supervisi\u00f3n de Obras de Estructuras Met\u00e1licas.<\/li><li>Demostraciones en campo de Ensayos No Destructivos en Estructuras.<\/li><li>Asesoramiento en la Elaboraci\u00f3n del Dossier de Calidad de Obras<\/li><\/ul><\/div>\n\t\t\t\t<\/div>\n\t\t\t\t<\/div>\n\t\t\t\t\t\t<\/div>\n\t\t\t\t\t<\/div>\n\t\t<\/div>\n\t\t\t\t<div class=\"elementor-column elementor-col-33 elementor-top-column elementor-element elementor-element-f212f02\" data-id=\"f212f02\" data-element_type=\"column\">\n\t\t\t<div class=\"elementor-column-wrap elementor-element-populated\">\n\t\t\t\t\t\t\t<div class=\"elementor-widget-wrap\">\n\t\t\t\t\t\t<div class=\"elementor-element elementor-element-e028526 animated-slow elementor-invisible elementor-widget elementor-widget-image\" data-id=\"e028526\" data-element_type=\"widget\" data-settings=\"{&quot;_animation&quot;:&quot;slideInRight&quot;,&quot;_animation_delay&quot;:300}\" data-widget_type=\"image.default\">\n\t\t\t\t<div class=\"elementor-widget-container\">\n\t\t\t\t\t<div class=\"elementor-image\">\n\t\t\t\t\t\t\t\t\t\t<img loading=\"lazy\" decoding=\"async\" width=\"576\" height=\"1024\" src=\"http:\/\/psingenieria.com.mx\/wp-content\/uploads\/2020\/11\/IMG-20180503-WA0028-576x1024.jpg\" class=\"attachment-large size-large\" alt=\"\" srcset=\"http:\/\/psingenieria.com.mx\/wp-content\/uploads\/2020\/11\/IMG-20180503-WA0028-576x1024.jpg 576w, http:\/\/psingenieria.com.mx\/wp-content\/uploads\/2020\/11\/IMG-20180503-WA0028-169x300.jpg 169w, http:\/\/psingenieria.com.mx\/wp-content\/uploads\/2020\/11\/IMG-20180503-WA0028.jpg 581w\" sizes=\"(max-width: 576px) 100vw, 576px\" \/>\t\t\t\t\t\t\t\t\t\t\t<\/div>\n\t\t\t\t<\/div>\n\t\t\t\t<\/div>\n\t\t\t\t\t\t<\/div>\n\t\t\t\t\t<\/div>\n\t\t<\/div>\n\t\t\t\t\t\t\t\t<\/div>\n\t\t\t\t\t<\/div>\n\t\t<\/section>\n\t\t\t\t\t\t<\/div>\n\t\t\t\t\t\t<\/div>\n\t\t\t\t\t<\/div>\n\t\t","protected":false},"excerpt":{"rendered":"<p>Asesoramiento y Capacitaci\u00f3n La tecnolog\u00eda, los m\u00e9todos de prueba, y la legislaci\u00f3n aplicable para el \u00e1rea de la construcci\u00f3n se encuentra en constante avance, es por ello que se vuelve necesario mantenerse actualizado en estos temas. Para ello hemos desarrollado con nuestros clientes actividades de capacitaci\u00f3n, tales como cursos, seminarios, sesiones de asesoramiento, demostraciones en &hellip;<\/p>\n<p class=\"read-more\"> <a class=\"\" href=\"http:\/\/psingenieria.com.mx\/?page_id=1934\"> <span class=\"screen-reader-text\">Control de Calidad<\/span> Leer m\u00e1s &raquo;<\/a><\/p>\n","protected":false},"author":1,"featured_media":0,"parent":0,"menu_order":0,"comment_status":"closed","ping_status":"closed","template":"","meta":{"site-sidebar-layout":"no-sidebar","site-content-layout":"page-builder","ast-site-content-layout":"","site-content-style":"default","site-sidebar-style":"default","ast-global-header-display":"","ast-banner-title-visibility":"","ast-main-header-display":"","ast-hfb-above-header-display":"","ast-hfb-below-header-display":"","ast-hfb-mobile-header-display":"","site-post-title":"disabled","ast-breadcrumbs-content":"","ast-featured-img":"disabled","footer-sml-layout":"","theme-transparent-header-meta":"","adv-header-id-meta":"","stick-header-meta":"","header-above-stick-meta":"","header-main-stick-meta":"","header-below-stick-meta":"","astra-migrate-meta-layouts":"","ast-page-background-enabled":"default","ast-page-background-meta":{"desktop":{"background-color":"","background-image":"","background-repeat":"repeat","background-position":"center center","background-size":"auto","background-attachment":"scroll","background-type":"","background-media":"","overlay-type":"","overlay-color":"","overlay-gradient":""},"tablet":{"background-color":"","background-image":"","background-repeat":"repeat","background-position":"center center","background-size":"auto","background-attachment":"scroll","background-type":"","background-media":"","overlay-type":"","overlay-color":"","overlay-gradient":""},"mobile":{"background-color":"","background-image":"","background-repeat":"repeat","background-position":"center center","background-size":"auto","background-attachment":"scroll","background-type":"","background-media":"","overlay-type":"","overlay-color":"","overlay-gradient":""}},"ast-content-background-meta":{"desktop":{"background-color":"var(--ast-global-color-5)","background-image":"","background-repeat":"repeat","background-position":"center center","background-size":"auto","background-attachment":"scroll","background-type":"","background-media":"","overlay-type":"","overlay-color":"","overlay-gradient":""},"tablet":{"background-color":"var(--ast-global-color-5)","background-image":"","background-repeat":"repeat","background-position":"center center","background-size":"auto","background-attachment":"scroll","background-type":"","background-media":"","overlay-type":"","overlay-color":"","overlay-gradient":""},"mobile":{"background-color":"var(--ast-global-color-5)","background-image":"","background-repeat":"repeat","background-position":"center center","background-size":"auto","background-attachment":"scroll","background-type":"","background-media":"","overlay-type":"","overlay-color":"","overlay-gradient":""}},"footnotes":""},"_links":{"self":[{"href":"http:\/\/psingenieria.com.mx\/index.php?rest_route=\/wp\/v2\/pages\/1934"}],"collection":[{"href":"http:\/\/psingenieria.com.mx\/index.php?rest_route=\/wp\/v2\/pages"}],"about":[{"href":"http:\/\/psingenieria.com.mx\/index.php?rest_route=\/wp\/v2\/types\/page"}],"author":[{"embeddable":true,"href":"http:\/\/psingenieria.com.mx\/index.php?rest_route=\/wp\/v2\/users\/1"}],"replies":[{"embeddable":true,"href":"http:\/\/psingenieria.com.mx\/index.php?rest_route=%2Fwp%2Fv2%2Fcomments&post=1934"}],"version-history":[{"count":10,"href":"http:\/\/psingenieria.com.mx\/index.php?rest_route=\/wp\/v2\/pages\/1934\/revisions"}],"predecessor-version":[{"id":2122,"href":"http:\/\/psingenieria.com.mx\/index.php?rest_route=\/wp\/v2\/pages\/1934\/revisions\/2122"}],"wp:attachment":[{"href":"http:\/\/psingenieria.com.mx\/index.php?rest_route=%2Fwp%2Fv2%2Fmedia&parent=1934"}],"curies":[{"name":"wp","href":"https:\/\/api.w.org\/{rel}","templated":true}]}}